{"id":189,"date":"2012-02-02T18:21:32","date_gmt":"2012-02-02T17:21:32","guid":{"rendered":"http:\/\/www.saengerchor-olympia.de\/?page_id=189"},"modified":"2019-04-03T12:09:16","modified_gmt":"2019-04-03T10:09:16","slug":"unserer-satzung","status":"publish","type":"page","link":"https:\/\/saengerchorolympia.de\/?page_id=189","title":{"rendered":"Unsere Satzung"},"content":{"rendered":"<table border=\"0\" cellspacing=\"0\" cellpadding=\"0\">\n<tbody>\n<tr>\n<td width=\"578\">\n<p style=\"text-align: left;\" align=\"center\"><strong>\u00a7 1 &#8211; VEREINSNAME<\/strong><\/p>\n<p>Der Verein f\u00fchrt den Namen \u201eS\u00e4ngerchor Olympia 1860\u201c. Er wurde im Jahre 1860 gegr\u00fcndet, hat\u00a0seinen Sitz im Hanauer Stadtteil Steinheim und ist im Vereinsregister beim Amtsgericht Hanau\u00a0eingetragen.<\/p>\n<p style=\"text-align: left;\" align=\"center\"><strong>\u00a7 2 &#8211; ZWECK<\/strong><\/p>\n<p>Der Verein verfolgt ausschlie\u00dflich und unmittelbar gemeinn\u00fctzige Zwecke im Sinne des Abschnitts \u201eSteuerbeg\u00fcnstigte Zwecke\u201c der Abgabenordnung.<br \/>\nZweck des Vereins ist die F\u00f6rderung von Kunst und Kultur. Der Satzungszweck wird insbesondere durch die Pflege des Chorgesangs verwirklicht, beispielsweise durch die Abhaltung von Chorproben, die Durchf\u00fchrung von und die Teilnahme an Konzerten und sonstigen Gesangsauftritten als Chor.<br \/>\nDer Verein ist selbstlos t\u00e4tig; er verfolgt nicht in erster Linie eigenwirtschaftliche Zwecke.<br \/>\nMittel des Vereins d\u00fcrfen nur f\u00fcr die satzungsgem\u00e4\u00dfen Zwecke verwendet werden. Die Mitglieder erhalten keine Zuwendungen aus Mitteln des Vereins. Es darf keine Person durch Ausgaben, die dem Zweck des Vereins fremd sind, oder durch unverh\u00e4ltnism\u00e4\u00dfig hohe Verg\u00fctungen beg\u00fcnstigt werden.<br \/>\nIn Bezug auf Politik und Religion wahrt der Verein unbedingte Neutralit\u00e4t.<\/p>\n<p style=\"text-align: left;\" align=\"center\"><strong>\u00a7 3 &#8211; MITGLIEDER<\/strong><\/p>\n<p>Mitglied kann jede Person werden, welche die Absicht hat, die unter \u00a7 2 genannten Aufgaben und Ziele durch aktive oder passive Mitarbeit zu unterst\u00fctzen.<\/p>\n<p style=\"text-align: left;\" align=\"center\"><strong>\u00a7 4 &#8211; AUFNAHME<\/strong><\/p>\n<p>Der Antrag auf Mitgliedschaft ist durch einen schriftlichen Mitgliedsantrag zu stellen. \u00dcber die Aufnahme entscheidet der Vorstand mit einfacher Mehrheit.<\/p>\n<p style=\"text-align: left;\" align=\"center\"><strong>\u00a7 5 &#8211; ERL\u00d6SCHEN DER MITGLIEDSCHAFT<\/strong><\/p>\n<p>Der Austritt muss dem Vorstand schriftlich mitgeteilt werden. Er ist zum Ende des Kalenderjahres m\u00f6glich. R\u00fcckst\u00e4ndige Verpflichtungen jeder Art sind von dem betreffenden Mitglied vorher zu erledigen.<br \/>\nMitglieder k\u00f6nnen ausgeschlossen werden bei Sch\u00e4digung des Vereinsansehens sowie bei Nichtbezahlung der Beitr\u00e4ge, sofern drei Mahnungen erfolglos bleiben. Gegen alle Ausschl\u00fcsse kann in einer Jahreshauptversammlung oder au\u00dferordentlichen Mitgliederversammlung Einspruch erhoben werden. Der Einspruch ist als besonderer Punkt in der Tagesordnung zu behandeln. Der Entscheid ist dann endg\u00fcltig.<\/p>\n<p style=\"text-align: left;\" align=\"center\"><strong>\u00a7 6 &#8211; BEITR\u00c4GE<\/strong><\/p>\n<p>Vereinsbeitr\u00e4ge sind grunds\u00e4tzlich eine Bringschuld. Der Jahresbeitrag kann bei Bedarf durch eine Jahreshaupt- oder eine au\u00dferordentliche Mitgliederversammlung ver\u00e4ndert werden. Bei unverschuldeter Notlage eines Mitglieds soll der Vorstand in humaner Art entscheiden und f\u00fcr eine bestimmte Zeit den Beitrag erlassen oder erm\u00e4\u00dfigen.<\/p>\n<p style=\"text-align: left;\" align=\"center\"><strong>\u00a7 7 &#8211; VORSTAND UND AUSSCH\u00dcSSE<\/strong><\/p>\n<p>Der Vorstand besteht aus:<\/p>\n<ul>\n<li>1.Vorsitzende(n)<\/li>\n<li>2.Vorsitzende(n)<\/li>\n<li>1 Kassierer(in)<\/li>\n<li>1 Schriftf\u00fchrer(in)<\/li>\n<li>max. 5 Beisitzenden.<\/li>\n<\/ul>\n<p>Den Gesch\u00e4ftsf\u00fchrenden Vorstand im Sinne des \u00a7 26 BGB bilden:<\/p>\n<ul>\n<li>1.Vorsitzende(r)<\/li>\n<li>2.Vorsitzende(r)<\/li>\n<li>Kassierer(in)<\/li>\n<li>Schriftf\u00fchrer(in).<\/li>\n<\/ul>\n<p>Hiervon vertreten jeweils zwei Vorstandsmitglieder gemeinsam den Verein.<br \/>\nDie Vorstandswahlen erfolgen allj\u00e4hrlich in der Jahreshauptversammlung, dabei sind Zuruf, Nennung oder Handhebungen m\u00f6glich. Eine Wiederwahl ist zul\u00e4ssig. In besonderen F\u00e4llen kann der Vorstand auf entsprechenden Antrag auch auf zwei Jahre gew\u00e4hlt werden.<br \/>\nScheidet ein Mitglied des Gesch\u00e4ftsf\u00fchrenden Vorstands w\u00e4hrend der Wahlzeit aus, so \u00fcbernimmt auf Beschluss des Vorstands eines der \u00fcbrigen Mitglieder die Gesch\u00e4fte des Ausgeschiedenen bis zur n\u00e4chsten satzungsm\u00e4\u00dfigen Neuwahl.<br \/>\nDas Gesch\u00e4ftsjahr ist das Kalenderjahr.<\/p>\n<p style=\"text-align: left;\" align=\"center\"><strong>\u00a7 8 &#8211; RECHTE UND PFLICHTEN DES VORSTANDES<\/strong><\/p>\n<p>Der Vorstand vertritt den Verein nach innen und nach au\u00dfen. Die Vorstandsmitglieder haben die Verpflichtung, in der \u00d6ffentlichkeit so aufzutreten, dass das Ansehen des Vereins nicht gesch\u00e4digt wird.<\/p>\n<p style=\"text-align: left;\" align=\"center\"><strong>\u00a7 9 &#8211; VERSAMMLUNGEN<\/strong><\/p>\n<p>Einmal im Monat soll eine Vorstandssitzung stattfinden. Im Bedarfsfalle kann jedoch die\/der 1. Vorsitzende auch zu Sondersitzungen einladen. Dar\u00fcber hinaus findet allj\u00e4hrlich nach Abschluss des Gesch\u00e4ftsjahres die Jahreshauptversammlung statt. Au\u00dferordentliche Versammlungen ruft der Vorstand nach Bedarf ein oder aber, wenn 1\/3 der Mitglieder die Abhaltung schriftlich fordern.<br \/>\nAntr\u00e4ge zur Jahreshaupt- oder zu einer au\u00dferordentlichen Mitgliederversammlung m\u00fcssen 7 Tage vorher schriftlich gestellt und beim 1. Vorsitzenden eingegangen sein. Die Antr\u00e4ge kommen in der Reihenfolge ihres Eingangs zur Bearbeitung. Bei Abstimmungen entscheidet die einfache Mehrheit. Bei Stimmengleichheit gilt der Antrag als abgelehnt.<br \/>\nEinladungen erfolgen schriftlich, beispielsweise durch E-Mail oder Brief, und m\u00fcssen 14 Tage vorher zugestellt sein.<br \/>\nVon jeder Versammlung wird ein Protokoll angefertigt und vom 1. Vorsitzenden und vom Schriftf\u00fchrer durch Unterschrift best\u00e4tigt.<\/p>\n<p style=\"text-align: left;\" align=\"center\"><strong>\u00a7 10 &#8211; KASSENPR\u00dcFER<\/strong><\/p>\n<p>In der Jahreshauptversammlung werden zwei Mitglieder, die dem Vorstand nicht angeh\u00f6ren, als Kassenpr\u00fcfer gew\u00e4hlt. Die Wahl eines Kassenpr\u00fcfers erfolgt f\u00fcr maximal 2 Jahre. Die Wiederwahl ist nach zweij\u00e4hriger Unterbrechung m\u00f6glich. Die Kassenpr\u00fcfer haben die Kasse und die Belege zu pr\u00fcfen und nach bestem Wissen und Gewissen der Versammlung zu berichten.<br \/>\nScheidet einer der gew\u00e4hlte Kassenpr\u00fcfer w\u00e4hrend des Gesch\u00e4ftsjahres aus, so ist f\u00fcr den Rest der gew\u00e4hlten Amtszeit der 2. Kassenpr\u00fcfer alleine vertretungsberechtigt.<\/p>\n<p style=\"text-align: left;\" align=\"center\"><strong>\u00a7 11 &#8211; EHRUNGEN UND AUSZEICHNUNGEN<\/strong><\/p>\n<p>F\u00fcr die f\u00fcnfj\u00e4hrige Vereinszugeh\u00f6rigkeit verleiht der Verein die Vereinsnadel.<br \/>\nGeburtstage: Es wird bei folgenden Geburtstagen gratuliert: 50, 60, 70, und dann alle 5 Jahre.<br \/>\nHochzeiten: Es wird bei folgenden Anl\u00e4ssen gratuliert: Hochzeit, Silberne Hochzeit (25), Goldene Hochzeit (50), Diamantene Hochzeit (60), Eiserne Hochzeit (65).<br \/>\nBei all diesen Anl\u00e4ssen entscheidet der Vorstand von Fall zu Fall \u00fcber die Art der Gratulation und \u00fcber das entsprechende Pr\u00e4sent.<\/p>\n<p style=\"text-align: left;\" align=\"center\"><strong>\u00a7 12 &#8211; EHRENMITGLIEDSCHAFT<\/strong><\/p>\n<p>F\u00fcr langj\u00e4hrige, verdienstvolle Arbeit um den Verein als aktive\/r S\u00e4nger\/in kann ein Mitglied zum Ehrenmitglied ernannt werden. Die Entscheidung \u00fcber die Ehrenmitgliedschaft liegt beim Vorstand.<\/p>\n<p style=\"text-align: left;\" align=\"center\"><strong>\u00a7 13 &#8211; VEREINSZUSCH\u00dcSSE UND SONDERLEISTUNGEN<\/strong><\/p>\n<p>Diese regelt der Vorstand von Fall zu Fall.<\/p>\n<p style=\"text-align: left;\" align=\"center\"><strong>\u00a7 14 &#8211; SATZUNGS\u00c4NDERUNGEN<\/strong><\/p>\n<p>Eine Satzungs\u00e4nderung kann nur durch eine Jahreshaupt- oder eine au\u00dferordentliche Mitgliederversammlung erfolgen. Die \u00c4nderung muss schriftlich beantragt und als gesonderter Punkt in der Tagesordnung aufgef\u00fchrt sein. Zu einer Satzungs\u00e4nderung bedarf es der Zustimmung der Dreiviertelmehrheit der anwesenden Mitglieder.<\/p>\n<p style=\"text-align: left;\" align=\"center\"><strong>\u00a7 15 &#8211; AUFL\u00d6SUNG DES VEREINS<\/strong><\/p>\n<p>Die Aufl\u00f6sung des Vereins kann nur erfolgen, wenn ein chorgem\u00e4\u00dfes Singen nicht mehr m\u00f6glich ist. In diesem Falle oder bei Wegfall steuerbeg\u00fcnstigter Zwecke f\u00e4llt das Vereinsverm\u00f6gen an die Stadt Hanau, die es unmittelbar und ausschlie\u00dflich f\u00fcr gemeinn\u00fctzige karitative oder kulturelle Zwecke zu verwenden hat.<\/p>\n<p><strong>Diese Satzung wurde im Februar 2016 durch den amtierenden Vorstand erstellt und am 12.05.2016 in der Jahreshauptversammlung beschlossen:<\/strong><\/p>\n<table border=\"0\" cellspacing=\"0\" cellpadding=\"0\">\n<tbody>\n<tr>\n<td width=\"107\">1. Vorsitzender:<\/td>\n<td width=\"117\">Ulf Michaelis<\/td>\n<\/tr>\n<tr>\n<td width=\"107\">2. Vorsitzender:<\/td>\n<td width=\"117\">Klaus Rathmann<\/td>\n<\/tr>\n<tr>\n<td width=\"107\">Kassierer:<\/td>\n<td width=\"117\">Achim Rost<\/td>\n<\/tr>\n<tr>\n<td width=\"107\">Schriftf\u00fchrer:<\/td>\n<td width=\"117\">Klaus Rathmann (kommissarisch)<\/td>\n<\/tr>\n<tr>\n<td valign=\"top\" width=\"107\">Beisitzer:<\/td>\n<td width=\"117\">Claudia Rathmann<\/p>\n<p>Hans-J\u00fcrgen Merget<\/td>\n<\/tr>\n<\/tbody>\n<\/table>\n<\/td>\n<\/tr>\n<\/tbody>\n<\/table>\n","protected":false},"excerpt":{"rendered":"<p>\u00a7 1 &#8211; VEREINSNAME Der Verein f\u00fchrt den Namen \u201eS\u00e4ngerchor Olympia 1860\u201c. Er wurde im Jahre 1860 gegr\u00fcndet, hat\u00a0seinen Sitz im Hanauer Stadtteil Steinheim und ist im Vereinsregister beim Amtsgericht Hanau\u00a0eingetragen. \u00a7 2 &#8211; ZWECK Der Verein verfolgt ausschlie\u00dflich und &hellip; <a href=\"https:\/\/saengerchorolympia.de\/?page_id=189\">Weiterlesen <span class=\"meta-nav\">&rarr;<\/span><\/a><\/p>\n","protected":false},"author":3,"featured_media":0,"parent":170,"menu_order":2,"comment_status":"open","ping_status":"open","template":"","meta":{"footnotes":""},"class_list":["post-189","page","type-page","status-publish","hentry"],"_links":{"self":[{"href":"https:\/\/saengerchorolympia.de\/index.php?rest_route=\/wp\/v2\/pages\/189","targetHints":{"allow":["GET"]}}],"collection":[{"href":"https:\/\/saengerchorolympia.de\/index.php?rest_route=\/wp\/v2\/pages"}],"about":[{"href":"https:\/\/saengerchorolympia.de\/index.php?rest_route=\/wp\/v2\/types\/page"}],"author":[{"embeddable":true,"href":"https:\/\/saengerchorolympia.de\/index.php?rest_route=\/wp\/v2\/users\/3"}],"replies":[{"embeddable":true,"href":"https:\/\/saengerchorolympia.de\/index.php?rest_route=%2Fwp%2Fv2%2Fcomments&post=189"}],"version-history":[{"count":10,"href":"https:\/\/saengerchorolympia.de\/index.php?rest_route=\/wp\/v2\/pages\/189\/revisions"}],"predecessor-version":[{"id":1714,"href":"https:\/\/saengerchorolympia.de\/index.php?rest_route=\/wp\/v2\/pages\/189\/revisions\/1714"}],"up":[{"embeddable":true,"href":"https:\/\/saengerchorolympia.de\/index.php?rest_route=\/wp\/v2\/pages\/170"}],"wp:attachment":[{"href":"https:\/\/saengerchorolympia.de\/index.php?rest_route=%2Fwp%2Fv2%2Fmedia&parent=189"}],"curies":[{"name":"wp","href":"https:\/\/api.w.org\/{rel}","templated":true}]}}