{"id":187,"date":"2012-02-02T18:21:15","date_gmt":"2012-02-02T17:21:15","guid":{"rendered":"http:\/\/www.saengerchor-olympia.de\/?page_id=187"},"modified":"2019-03-31T10:25:46","modified_gmt":"2019-03-31T08:25:46","slug":"mitglied-werden","status":"publish","type":"page","link":"https:\/\/saengerchorolympia.de\/?page_id=187","title":{"rendered":"Mitglied werden"},"content":{"rendered":"<p>Sie haben unser Konzert gesehen und Ihnen hat es gefallen was Sie geh\u00f6rt haben?<br \/>\nSie singen unter der Dusche oder im Auto?<\/p>\n<p><strong>Dann machen Sie doch einfach mit bei Taktvoll oder im M\u00e4nnerchor!<\/strong><\/p>\n<p>Wenn wir singen dann erleben wir \u00e4hnliche Gl\u00fccksgef\u00fchle wie beim frisch verliebt sein. Beim Singen wird das Gl\u00fcckshormon Oxytocin ausgesch\u00fcttet \u2013 dadurch baut Singen Stress ab und st\u00e4rkt das Immunsystem.<\/p>\n<p>Wir freuen uns auf Sie \u2013 Notenkenntnisse sind nicht zwingend erforderlich aber auch kein Hindernis.<\/p>\n<p>Der gemischte Chor Taktvoll trifft sich jeden <strong>Donnerstag von 20:00 \u2013 21:30<\/strong> zur Probe im Marstall in Steinheim.<br \/>\nUnd der M\u00e4nnerchor trifft sich jeden <strong>Freitag um 19:30<\/strong> zur Singstunde im Marstall.<\/p>\n<p>Kommen Sie einfach bei uns vorbei, schicken Sie eine Mail oder melden Sie sich \u00fcber unser Kontakt-Formular. Wir freuen uns auf Sie.<\/p>\n<p>Bei Interesse finden Sie <a href=\"https:\/\/www.saengerchor-olympia.de\/wp-content\/uploads\/2019\/03\/Formular-Mitgliedsantrag-2018-06.pdf\">hier den Mitgliedsantrag<\/a>.<\/p>\n","protected":false},"excerpt":{"rendered":"<p>Sie haben unser Konzert gesehen und Ihnen hat es gefallen was Sie geh\u00f6rt haben? Sie singen unter der Dusche oder im Auto? Dann machen Sie doch einfach mit bei Taktvoll oder im M\u00e4nnerchor! Wenn wir singen dann erleben wir \u00e4hnliche &hellip; <a href=\"https:\/\/saengerchorolympia.de\/?page_id=187\">Weiterlesen <span class=\"meta-nav\">&rarr;<\/span><\/a><\/p>\n","protected":false},"author":3,"featured_media":0,"parent":170,"menu_order":1,"comment_status":"open","ping_status":"open","template":"","meta":{"footnotes":""},"class_list":["post-187","page","type-page","status-publish","hentry"],"_links":{"self":[{"href":"https:\/\/saengerchorolympia.de\/index.php?rest_route=\/wp\/v2\/pages\/187","targetHints":{"allow":["GET"]}}],"collection":[{"href":"https:\/\/saengerchorolympia.de\/index.php?rest_route=\/wp\/v2\/pages"}],"about":[{"href":"https:\/\/saengerchorolympia.de\/index.php?rest_route=\/wp\/v2\/types\/page"}],"author":[{"embeddable":true,"href":"https:\/\/saengerchorolympia.de\/index.php?rest_route=\/wp\/v2\/users\/3"}],"replies":[{"embeddable":true,"href":"https:\/\/saengerchorolympia.de\/index.php?rest_route=%2Fwp%2Fv2%2Fcomments&post=187"}],"version-history":[{"count":19,"href":"https:\/\/saengerchorolympia.de\/index.php?rest_route=\/wp\/v2\/pages\/187\/revisions"}],"predecessor-version":[{"id":1707,"href":"https:\/\/saengerchorolympia.de\/index.php?rest_route=\/wp\/v2\/pages\/187\/revisions\/1707"}],"up":[{"embeddable":true,"href":"https:\/\/saengerchorolympia.de\/index.php?rest_route=\/wp\/v2\/pages\/170"}],"wp:attachment":[{"href":"https:\/\/saengerchorolympia.de\/index.php?rest_route=%2Fwp%2Fv2%2Fmedia&parent=187"}],"curies":[{"name":"wp","href":"https:\/\/api.w.org\/{rel}","templated":true}]}}