{"id":170,"date":"2012-02-02T18:00:35","date_gmt":"2012-02-02T17:00:35","guid":{"rendered":"http:\/\/www.saengerchor-olympia.de\/?page_id=170"},"modified":"2021-10-22T21:27:20","modified_gmt":"2021-10-22T19:27:20","slug":"der-verein-3","status":"publish","type":"page","link":"https:\/\/saengerchorolympia.de\/?page_id=170","title":{"rendered":"Unser Verein"},"content":{"rendered":"<p>Der Verein S\u00e4ngerchor Olympia Steinheim wurde 1860 zun\u00e4chst als reiner M\u00e4nnergesangverein gegr\u00fcndet. Im Jahr 2005 wurde als Erg\u00e4nzung zum M\u00e4nnerchor der junge Chor Taktvoll als gemischter Chor unter dem Dirigat von Fr. Jutta Schnadt gegr\u00fcndet. Das Repertoire von Taktvoll umfasst mittlerweile Pop, Klassik und Gospel in mehreren Sprachen.<\/p>\n<p>Im traditionellen M\u00e4nnerchor wirken ca. 16&nbsp;aktive S\u00e4nger mit, bei Taktvoll treffen sich ca. 47&nbsp;aktive S\u00e4ngerinnen und S\u00e4nger zu regelm\u00e4\u00dfigen Proben im Steinheimer Marstall.<\/p>\n<table border=\"0\" cellspacing=\"0\" cellpadding=\"0\">\n<tbody>\n<tr>\n<td colspan=\"2\" valign=\"top\" width=\"516\">\n<p align=\"center\">Der Vorstand:<\/p>\n<\/td>\n<\/tr>\n<tr>\n<td valign=\"top\" width=\"258\">1. Vorsitzender<\/td>\n<td valign=\"top\" width=\"258\">Ulf Michaelis<\/td>\n<\/tr>\n<tr>\n<td valign=\"top\" width=\"258\">2. Vorsitzender<\/td>\n<td valign=\"top\" width=\"258\">Klaus Rathmann<\/td>\n<\/tr>\n<tr>\n<td valign=\"top\" width=\"258\">Kassenwart<\/td>\n<td valign=\"top\" width=\"258\">Achim Rost<\/td>\n<\/tr>\n<tr>\n<td valign=\"top\" width=\"258\">Schriftf\u00fchrer<\/td>\n<td valign=\"top\" width=\"258\">Komm. Klaus Rathmann<\/td>\n<\/tr>\n<tr>\n<td valign=\"top\" width=\"258\">Beisitzer<\/td>\n<td valign=\"top\" width=\"258\">Claudia Rathmann<\/td>\n<\/tr>\n<tr>\n<td valign=\"top\" width=\"258\">Beisitzer<\/td>\n<td valign=\"top\" width=\"258\">Barbara Haas<\/td>\n<\/tr>\n<tr>\n<td valign=\"top\" width=\"258\">Beisitzer<\/td>\n<td valign=\"top\" width=\"258\">Hans-J\u00fcrgen Merget<\/td>\n<\/tr>\n<tr>\n<td valign=\"top\" width=\"258\">&nbsp;<\/td>\n<td valign=\"top\" width=\"258\">&nbsp;<\/td>\n<\/tr>\n<\/tbody>\n<\/table>\n\n\n<figure class=\"wp-block-image is-resized\"><img loading=\"lazy\" decoding=\"async\" src=\"https:\/\/www.saengerchor-olympia.de\/wp-content\/uploads\/2019\/08\/Vorstand-852x1024.jpg\" alt=\"\" class=\"wp-image-2022\" width=\"639\" height=\"768\" srcset=\"https:\/\/saengerchorolympia.de\/wp-content\/uploads\/2019\/08\/Vorstand-852x1024.jpg 852w, https:\/\/saengerchorolympia.de\/wp-content\/uploads\/2019\/08\/Vorstand-250x300.jpg 250w, https:\/\/saengerchorolympia.de\/wp-content\/uploads\/2019\/08\/Vorstand-768x923.jpg 768w, https:\/\/saengerchorolympia.de\/wp-content\/uploads\/2019\/08\/Vorstand.jpg 1827w\" sizes=\"auto, (max-width: 639px) 100vw, 639px\" \/><\/figure>\n","protected":false},"excerpt":{"rendered":"<p>Der Verein S\u00e4ngerchor Olympia Steinheim wurde 1860 zun\u00e4chst als reiner M\u00e4nnergesangverein gegr\u00fcndet. Im Jahr 2005 wurde als Erg\u00e4nzung zum M\u00e4nnerchor der junge Chor Taktvoll als gemischter Chor unter dem Dirigat von Fr. Jutta Schnadt gegr\u00fcndet. Das Repertoire von Taktvoll umfasst &hellip; <a href=\"https:\/\/saengerchorolympia.de\/?page_id=170\">Weiterlesen <span class=\"meta-nav\">&rarr;<\/span><\/a><\/p>\n","protected":false},"author":3,"featured_media":0,"parent":0,"menu_order":2,"comment_status":"open","ping_status":"closed","template":"","meta":{"footnotes":""},"class_list":["post-170","page","type-page","status-publish","hentry"],"_links":{"self":[{"href":"https:\/\/saengerchorolympia.de\/index.php?rest_route=\/wp\/v2\/pages\/170","targetHints":{"allow":["GET"]}}],"collection":[{"href":"https:\/\/saengerchorolympia.de\/index.php?rest_route=\/wp\/v2\/pages"}],"about":[{"href":"https:\/\/saengerchorolympia.de\/index.php?rest_route=\/wp\/v2\/types\/page"}],"author":[{"embeddable":true,"href":"https:\/\/saengerchorolympia.de\/index.php?rest_route=\/wp\/v2\/users\/3"}],"replies":[{"embeddable":true,"href":"https:\/\/saengerchorolympia.de\/index.php?rest_route=%2Fwp%2Fv2%2Fcomments&post=170"}],"version-history":[{"count":21,"href":"https:\/\/saengerchorolympia.de\/index.php?rest_route=\/wp\/v2\/pages\/170\/revisions"}],"predecessor-version":[{"id":2248,"href":"https:\/\/saengerchorolympia.de\/index.php?rest_route=\/wp\/v2\/pages\/170\/revisions\/2248"}],"wp:attachment":[{"href":"https:\/\/saengerchorolympia.de\/index.php?rest_route=%2Fwp%2Fv2%2Fmedia&parent=170"}],"curies":[{"name":"wp","href":"https:\/\/api.w.org\/{rel}","templated":true}]}}