{"id":166,"date":"2012-02-02T17:59:50","date_gmt":"2012-02-02T16:59:50","guid":{"rendered":"http:\/\/www.saengerchor-olympia.de\/?page_id=166"},"modified":"2022-08-21T12:01:03","modified_gmt":"2022-08-21T10:01:03","slug":"termine","status":"publish","type":"page","link":"https:\/\/saengerchorolympia.de\/?page_id=166","title":{"rendered":"Links"},"content":{"rendered":"<p><span style=\"font-family: verdana;\"><br \/>\nHier einige Links zu Seiten, denen wir uns verbunden f\u00fchlen:<br \/>\n<\/span><\/p>\n<p><a href=\"https:\/\/www.hanau.de\/\">Stadt Hanau<\/a><br \/>\n<!-- <a href=\"http:\/\/haus-der-musik-hanau.de\/\">Haus der Musik Hanau<\/a> --><br \/>\n<a href=\"https:\/\/www.melitia.de\/\">S\u00e4ngerchor Melitia 1905 Gro\u00dfauheim<\/a><br \/>\n<a href=\"https:\/\/www.deutscher-chorverband.de\/\">Deutscher Chorverband<\/a><br \/>\n<a href=\"https:\/\/www.hessischerchorverband.de\">Hessischer Chorverband\u00a0<\/a><br \/>\n<a href=\"http:\/\/www.igsv-steinheim.de\/\">IGSV Steinheim<\/a><\/p>\n<p><span style=\"font-family: verdana; font-size: x-small;\"><br \/>\n<span style=\"text-decoration: underline;\">Haftungsausschluss f\u00fcr Hyperlinks auf dieser Homepage<\/span><br \/>\nWenn Sie Links auf dieser Website aktivieren, verlassen Sie gegebenfalls die Website. Weiterf\u00fchrende Links liegen au\u00dferhalb unserer Verantwortung, da wir weder auf Inhalt oder Gestaltung noch auf von dort weiterf\u00fchrende Links Einfluss haben.<br \/>\nHiermit distanzieren wir uns ausdr\u00fccklich von allen Inhalten aller gelinkten Seiten auf dieser Homepage. Diese Erkl\u00e4rung gilt f\u00fcr alle auf dieser Homepage, und Unterseiten angebrachten Links.<\/span><\/p>\n","protected":false},"excerpt":{"rendered":"<p>Hier einige Links zu Seiten, denen wir uns verbunden f\u00fchlen: Stadt Hanau S\u00e4ngerchor Melitia 1905 Gro\u00dfauheim Deutscher Chorverband Hessischer Chorverband\u00a0 IGSV Steinheim Haftungsausschluss f\u00fcr Hyperlinks auf dieser Homepage Wenn Sie Links auf dieser Website aktivieren, verlassen Sie gegebenfalls die Website. &hellip; <a href=\"https:\/\/saengerchorolympia.de\/?page_id=166\">Weiterlesen <span class=\"meta-nav\">&rarr;<\/span><\/a><\/p>\n","protected":false},"author":3,"featured_media":0,"parent":0,"menu_order":4,"comment_status":"open","ping_status":"closed","template":"","meta":{"footnotes":""},"class_list":["post-166","page","type-page","status-publish","hentry"],"_links":{"self":[{"href":"https:\/\/saengerchorolympia.de\/index.php?rest_route=\/wp\/v2\/pages\/166","targetHints":{"allow":["GET"]}}],"collection":[{"href":"https:\/\/saengerchorolympia.de\/index.php?rest_route=\/wp\/v2\/pages"}],"about":[{"href":"https:\/\/saengerchorolympia.de\/index.php?rest_route=\/wp\/v2\/types\/page"}],"author":[{"embeddable":true,"href":"https:\/\/saengerchorolympia.de\/index.php?rest_route=\/wp\/v2\/users\/3"}],"replies":[{"embeddable":true,"href":"https:\/\/saengerchorolympia.de\/index.php?rest_route=%2Fwp%2Fv2%2Fcomments&post=166"}],"version-history":[{"count":11,"href":"https:\/\/saengerchorolympia.de\/index.php?rest_route=\/wp\/v2\/pages\/166\/revisions"}],"predecessor-version":[{"id":2273,"href":"https:\/\/saengerchorolympia.de\/index.php?rest_route=\/wp\/v2\/pages\/166\/revisions\/2273"}],"wp:attachment":[{"href":"https:\/\/saengerchorolympia.de\/index.php?rest_route=%2Fwp%2Fv2%2Fmedia&parent=166"}],"curies":[{"name":"wp","href":"https:\/\/api.w.org\/{rel}","templated":true}]}}